{"id":2,"date":"2013-02-06T00:26:19","date_gmt":"2013-02-06T00:26:19","guid":{"rendered":"http:\/\/mastinbabia.babia.eu\/?page_id=2"},"modified":"2017-03-26T11:47:11","modified_gmt":"2017-03-26T11:47:11","slug":"pagina-ejemplo","status":"publish","type":"page","link":"https:\/\/mastinbabia.babia.eu\/","title":{"rendered":"Los Mastines de Babia"},"content":{"rendered":"<p>Esta es la web de los mastines de <strong>Pedro \u00c1lvarez Barriada<\/strong>. Aqu\u00ed podr\u00e1s encontrar informaci\u00f3n sobre nuestros perros, unos mastines que criamos con mimo en<a title=\"Entorno\" href=\"http:\/\/mastinbabia.babia.eu\/?page_id=101\"><strong> la comarca de Babia<\/strong><\/a> (Le\u00f3n), una de la zonas con m\u00e1s tradici\u00f3n merinera y pastoril. Estamos en Villargus\u00e1n, en las faldas de Pe\u00f1a Ubi\u00f1a, monta\u00f1a m\u00edtica de la Cordillera Cant\u00e1brica.<\/p>\n<h2>Existen problemas con\u00a0la p\u00e1gina web MASTINBABIA\u00a0, lamentamos las molestias, esperamos que en breve se resuelvan.<\/h2>\n<p>Si quieres contactar con nosotros, puedes enviar un mensaje a <a href=\"mailto:\/\/mastinbabia@gmail.com\" target=\"_blank\">mastinbabia@gmail.com<\/a><\/p>\n<p>Puedes visitar nuestro perfil en FaceBook:\u00a0<a title=\"Mastines de Babia de Barriada\" href=\"http:\/\/www.facebook.com\/mastinesdebabia.barriada\" target=\"_blank\">http:\/\/www.facebook.com\/mastinesdebabia.barriad<\/a><\/p>\n","protected":false},"excerpt":{"rendered":"<p>Esta es la web de los mastines de Pedro \u00c1lvarez Barriada. Aqu\u00ed podr\u00e1s encontrar informaci\u00f3n sobre nuestros perros, unos mastines que criamos con mimo en la comarca de Babia (Le\u00f3n), una de la zonas con m\u00e1s tradici\u00f3n merinera y pastoril. &hellip; <a href=\"https:\/\/mastinbabia.babia.eu\/\">Sigue leyendo <span class=\"meta-nav\">&rarr;<\/span><\/a><\/p>\n","protected":false},"author":1,"featured_media":0,"parent":0,"menu_order":0,"comment_status":"closed","ping_status":"open","template":"showcase.php","meta":{"jetpack_post_was_ever_published":false},"jetpack_shortlink":"https:\/\/wp.me\/P39wqk-2","jetpack_sharing_enabled":true,"jetpack_likes_enabled":true,"_links":{"self":[{"href":"https:\/\/mastinbabia.babia.eu\/index.php?rest_route=\/wp\/v2\/pages\/2"}],"collection":[{"href":"https:\/\/mastinbabia.babia.eu\/index.php?rest_route=\/wp\/v2\/pages"}],"about":[{"href":"https:\/\/mastinbabia.babia.eu\/index.php?rest_route=\/wp\/v2\/types\/page"}],"author":[{"embeddable":true,"href":"https:\/\/mastinbabia.babia.eu\/index.php?rest_route=\/wp\/v2\/users\/1"}],"replies":[{"embeddable":true,"href":"https:\/\/mastinbabia.babia.eu\/index.php?rest_route=%2Fwp%2Fv2%2Fcomments&post=2"}],"version-history":[{"count":21,"href":"https:\/\/mastinbabia.babia.eu\/index.php?rest_route=\/wp\/v2\/pages\/2\/revisions"}],"predecessor-version":[{"id":356,"href":"https:\/\/mastinbabia.babia.eu\/index.php?rest_route=\/wp\/v2\/pages\/2\/revisions\/356"}],"wp:attachment":[{"href":"https:\/\/mastinbabia.babia.eu\/index.php?rest_route=%2Fwp%2Fv2%2Fmedia&parent=2"}],"curies":[{"name":"wp","href":"https:\/\/api.w.org\/{rel}","templated":true}]}}